{"id":25,"date":"2020-02-14T12:58:14","date_gmt":"2020-02-14T12:58:14","guid":{"rendered":"http:\/\/karczma233.pl\/?page_id=25"},"modified":"2022-02-28T13:12:53","modified_gmt":"2022-02-28T13:12:53","slug":"strona-glowna-2","status":"publish","type":"page","link":"http:\/\/karczma233.pl\/","title":{"rendered":"G\u0142\u00f3wny"},"content":{"rendered":"<div class=\"art-content-layout layout-item-0\">\n<div class=\"art-content-layout-row\">\n<div class=\"art-layout-cell layout-item-1\" style=\"width: 50%;\">\n<p style=\"text-align: center;\">\n<p style=\"text-align: center;\">\n<p style=\"text-align: center;\">\n\n<p style=\"text-align: center;\"><span style=\"line-height: 0px; white-space: nowrap;\">\u00a0<\/span><\/p>\n<\/div>\n<div class=\"art-layout-cell layout-item-1\" style=\"width: 50%;\">\n<h1 style=\"text-align: center;\"><span style=\"font-size: 20px; text-align: justify; color: #ffffff; font-family: Arial;\">Zapraszamy do KARCZMY, kt\u00f3ra jest rajem dla smakoszy, odpoczynkiem i wytchnieniem dla wszystkich. Niezapomniane imprezy okoliczno\u015bciowe, niepowtarzalny wystr\u00f3j wn\u0119trza i mi\u0142a obs\u0142uga sprawi\u0105, \u017ce chwile sp\u0119dzone u nas na zawsze pozostan\u0105<br \/>\nw waszej pami\u0119ci. Lokal jest klimatyzowany.\u00a0<\/span><\/h1>\n<h1 style=\"text-align: center;\"><span style=\"font-size: 20px; text-align: justify; color: #ffffff; font-family: Arial;\">Oferujemy r\u00f3wnie\u017c przytulnie urz\u0105dzone pokoje go\u015bcinne z \u0142azienkami.<\/span><\/h1>\n<p style=\"text-align: left;\">\n<p style=\"text-align: left;\">\n<\/div>\n<\/div>\n<\/div>\n<div class=\"art-content-layout layout-item-2\">\n<div class=\"art-content-layout-row\">\n<div class=\"art-layout-cell layout-item-3\" style=\"width: 33%;\">\n<h1 style=\"text-align: center;\"><span style=\"font-family: Arial;\">Restauracja<\/span><\/h1>\n<h1 style=\"text-align: center;\"><img loading=\"lazy\" class=\"\" src=\"http:\/\/karczma233.pl\/wp-content\/uploads\/2020\/02\/6.jpg\" alt=\"\" width=\"248\" height=\"165\" \/><\/h1>\n<\/div>\n<div class=\"art-layout-cell layout-item-3\" style=\"width: 34%;\">\n<h1 style=\"text-align: center;\"><span style=\"font-family: Arial;\">Kontakt<\/span><\/h1>\n<p><span style=\"font-family: Arial; font-size: 18px;\">Chcesz zarezerwowa\u0107 termin?<\/span><\/p>\n<p style=\"text-align: center;\"><span style=\"font-family: Arial;\">Zadzwo\u0144 do nas:<\/span><\/p>\n<p style=\"text-align: center;\"><span style=\"font-size: 22px; font-family: Arial;\">tel.: <span style=\"color: #c22e30;\">34 372 10 41<\/span><br \/>\n<\/span><\/p>\n<p style=\"text-align: center;\"><span style=\"font-size: 22px; font-family: Arial;\">ustalanie imprez:<\/span><\/p>\n<p style=\"text-align: center;\"><span style=\"font-size: 22px; font-family: Arial;\">tel.:\u00a0<span style=\"color: #ffffff;\">500 117 077<\/span><\/span><\/p>\n<p style=\"text-align: center;\"><span style=\"font-size: 22px; font-family: Arial;\"><span style=\"color: #ffffff;\">tel.:\u00a0512 349 069<br \/>\n<\/span><\/span><\/p>\n<\/div>\n<div class=\"art-layout-cell layout-item-3\" style=\"width: 33%;\">\n<h1 style=\"text-align: center;\"><span style=\"font-family: Arial;\">Pokoje<\/span><\/h1>\n<h1 style=\"text-align: center;\"><img loading=\"lazy\" class=\"\" src=\"http:\/\/karczma233.pl\/wp-content\/uploads\/2020\/02\/2.jpg\" alt=\"\" width=\"249\" height=\"165\" \/><\/h1>\n<\/div>\n<\/div>\n<\/div>\n<div class=\"art-content-layout layout-item-4\">\n<div class=\"art-content-layout-row\">\n<div class=\"art-layout-cell layout-item-5\" style=\"width: 100%;\">\n<p style=\"text-align: center;\"><span style=\"font-family: Arial;\">Przyjd\u017acie koniecznie, a przekonacie si\u0119 o walorach tego wyj\u0105tkowego miejsca. Niepowtarzalne klimaty przy romantycznym kominku wewn\u0105trz i smakowitym grillu na zewn\u0105trz karczmy. Spotkania, przyj\u0119cia, party, wesela, chrzciny, komunie.\u00a0<\/span><\/p>\n<p style=\"text-align: center;\"><span style=\"font-family: Arial;\">S\u0142owem &#8211; macie si\u0119 bawi\u0107 swobodnie i w mi\u0142ej atmosferze.<\/span><\/p>\n<p style=\"text-align: center;\"><img loading=\"lazy\" class=\"alignnone  wp-image-81\" src=\"http:\/\/karczma233.pl\/wp-content\/uploads\/2022\/02\/plansza-informacyjna-PFR-poziom-300x44.jpg\" alt=\"\" width=\"490\" height=\"72\" srcset=\"http:\/\/karczma233.pl\/wp-content\/uploads\/2022\/02\/plansza-informacyjna-PFR-poziom-300x44.jpg 300w, http:\/\/karczma233.pl\/wp-content\/uploads\/2022\/02\/plansza-informacyjna-PFR-poziom-1024x149.jpg 1024w, http:\/\/karczma233.pl\/wp-content\/uploads\/2022\/02\/plansza-informacyjna-PFR-poziom-768x112.jpg 768w, http:\/\/karczma233.pl\/wp-content\/uploads\/2022\/02\/plansza-informacyjna-PFR-poziom-1536x224.jpg 1536w, http:\/\/karczma233.pl\/wp-content\/uploads\/2022\/02\/plansza-informacyjna-PFR-poziom.jpg 1790w\" sizes=\"(max-width: 490px) 100vw, 490px\" \/><\/p>\n<\/div>\n<\/div>\n<\/div>\n","protected":false},"excerpt":{"rendered":"<p>\u00a0 Zapraszamy do KARCZMY, kt\u00f3ra jest rajem dla smakoszy, odpoczynkiem i wytchnieniem dla wszystkich. Niezapomniane imprezy okoliczno\u015bciowe, niepowtarzalny wystr\u00f3j wn\u0119trza i mi\u0142a obs\u0142uga sprawi\u0105, \u017ce chwile sp\u0119dzone u nas na zawsze pozostan\u0105 w waszej pami\u0119ci. Lokal jest klimatyzowany.\u00a0 Oferujemy r\u00f3wnie\u017c przytulnie urz\u0105dzone pokoje go\u015bcinne z \u0142azienkami. Restauracja Kontakt Chcesz zarezerwowa\u0107 termin? Zadzwo\u0144 do nas: tel.: [&hellip;]<\/p>\n","protected":false},"author":1,"featured_media":0,"parent":0,"menu_order":1,"comment_status":"closed","ping_status":"closed","template":"","meta":[],"_links":{"self":[{"href":"http:\/\/karczma233.pl\/index.php?rest_route=\/wp\/v2\/pages\/25"}],"collection":[{"href":"http:\/\/karczma233.pl\/index.php?rest_route=\/wp\/v2\/pages"}],"about":[{"href":"http:\/\/karczma233.pl\/index.php?rest_route=\/wp\/v2\/types\/page"}],"author":[{"embeddable":true,"href":"http:\/\/karczma233.pl\/index.php?rest_route=\/wp\/v2\/users\/1"}],"replies":[{"embeddable":true,"href":"http:\/\/karczma233.pl\/index.php?rest_route=%2Fwp%2Fv2%2Fcomments&post=25"}],"version-history":[{"count":6,"href":"http:\/\/karczma233.pl\/index.php?rest_route=\/wp\/v2\/pages\/25\/revisions"}],"predecessor-version":[{"id":83,"href":"http:\/\/karczma233.pl\/index.php?rest_route=\/wp\/v2\/pages\/25\/revisions\/83"}],"wp:attachment":[{"href":"http:\/\/karczma233.pl\/index.php?rest_route=%2Fwp%2Fv2%2Fmedia&parent=25"}],"curies":[{"name":"wp","href":"https:\/\/api.w.org\/{rel}","templated":true}]}}